{"id":27,"date":"2012-10-12T00:07:23","date_gmt":"2012-10-11T15:07:23","guid":{"rendered":"https:\/\/japao.rj1.info\/?page_id=27"},"modified":"2012-10-12T00:09:09","modified_gmt":"2012-10-11T15:09:09","slug":"contato","status":"publish","type":"page","link":"https:\/\/japao.rj1.info\/?page_id=27","title":{"rendered":"Contato"},"content":{"rendered":"<p><strong>E-Mails<\/strong><br \/>\nricardo@rj1.info<br \/>\nrenata@rj1.info<\/p>\n<p><strong>Skype<\/strong><br \/>\n<!-- Skype 'SkypeMe\u2122!' button http:\/\/www.skype.com\/go\/skypebuttons --><a href=\"skype:Ricardo Szczerbacki?call\"><img loading=\"lazy\" decoding=\"async\" style=\"border: none;\" src=\"http:\/\/download.skype.com\/share\/skypebuttons\/buttons\/call_green_white_153x63.png\" alt=\"SkypeMe\u2122!\" width=\"153\" height=\"63\" \/><\/a><\/p>\n<p><a href=\"skype:Ricardo Szczerbacki?call\"><img loading=\"lazy\" decoding=\"async\" class=\"alignnone  wp-image-33\" style=\"border-style: none;\" title=\"Contato\" src=\"https:\/\/japao.rj1.info\/wp-content\/uploads\/2012\/10\/Untitled-1.jpg\" alt=\"\" width=\"87\" height=\"113\" \/><\/a><\/p>\n<p><strong>Hor\u00e1rio<\/strong><br \/>\nA melhor hora para &#8220;ligar&#8221; para a gente \u00e9 entre 7 e 10 da manh\u00e3 no Brasil (entre 19 e 22 no Jap\u00e3o).<\/p>\n<p><strong>Celulares<\/strong><br \/>\nFicaremos sem celulares durante toda a viagem.<\/p>\n","protected":false},"excerpt":{"rendered":"<p>E-Mails ricardo@rj1.info renata@rj1.info Skype Hor\u00e1rio A melhor hora para &#8220;ligar&#8221; para a gente \u00e9 entre 7 e 10 da manh\u00e3 no Brasil (entre 19 e 22 no Jap\u00e3o). Celulares Ficaremos sem celulares durante toda a viagem.<\/p>\n","protected":false},"author":1,"featured_media":0,"parent":0,"menu_order":2,"comment_status":"open","ping_status":"open","template":"","meta":{"footnotes":""},"class_list":["post-27","page","type-page","status-publish","hentry"],"_links":{"self":[{"href":"https:\/\/japao.rj1.info\/index.php?rest_route=\/wp\/v2\/pages\/27","targetHints":{"allow":["GET"]}}],"collection":[{"href":"https:\/\/japao.rj1.info\/index.php?rest_route=\/wp\/v2\/pages"}],"about":[{"href":"https:\/\/japao.rj1.info\/index.php?rest_route=\/wp\/v2\/types\/page"}],"author":[{"embeddable":true,"href":"https:\/\/japao.rj1.info\/index.php?rest_route=\/wp\/v2\/users\/1"}],"replies":[{"embeddable":true,"href":"https:\/\/japao.rj1.info\/index.php?rest_route=%2Fwp%2Fv2%2Fcomments&post=27"}],"version-history":[{"count":10,"href":"https:\/\/japao.rj1.info\/index.php?rest_route=\/wp\/v2\/pages\/27\/revisions"}],"predecessor-version":[{"id":40,"href":"https:\/\/japao.rj1.info\/index.php?rest_route=\/wp\/v2\/pages\/27\/revisions\/40"}],"wp:attachment":[{"href":"https:\/\/japao.rj1.info\/index.php?rest_route=%2Fwp%2Fv2%2Fmedia&parent=27"}],"curies":[{"name":"wp","href":"https:\/\/api.w.org\/{rel}","templated":true}]}}